{"id":289,"date":"2021-09-24T21:47:11","date_gmt":"2021-09-24T21:47:11","guid":{"rendered":"https:\/\/freumi.at\/?page_id=289"},"modified":"2022-02-02T06:13:51","modified_gmt":"2022-02-02T06:13:51","slug":"freumi-impressum","status":"publish","type":"page","link":"https:\/\/freumi.at\/?page_id=289","title":{"rendered":"FreuMi Impressum"},"content":{"rendered":"<p>[et_pb_section fb_built=&#8220;1&#8243; _builder_version=&#8220;4.10.8&#8243; _module_preset=&#8220;default&#8220; global_colors_info=&#8220;{}&#8220;][et_pb_row _builder_version=&#8220;4.13.1&#8243; _module_preset=&#8220;default&#8220; hover_enabled=&#8220;0&#8243; global_colors_info=&#8220;{}&#8220; sticky_enabled=&#8220;0&#8243;][et_pb_column type=&#8220;4_4&#8243; _builder_version=&#8220;4.13.1&#8243; _module_preset=&#8220;default&#8220; hover_enabled=&#8220;0&#8243; global_colors_info=&#8220;{}&#8220; sticky_enabled=&#8220;0&#8243;][et_pb_text content_tablet=&#8220;<\/p>\n<h3><span style=%22color: #ff6600;%22>Impressum:<\/span><\/h3>\n<p>&#8220; content_phone=&#8220;<\/p>\n<h3><span style=%22color: #ff6600;%22>Impressum:<\/span><\/h3>\n<p>&#8220; content_last_edited=&#8220;on|phone&#8220; _builder_version=&#8220;4.13.1&#8243; _module_preset=&#8220;default&#8220; custom_margin_tablet=&#8220;&#8220; custom_margin_phone=&#8220;25px||||false|false&#8220; custom_margin_last_edited=&#8220;on|phone&#8220; custom_padding=&#8220;||0px|||&#8220; global_colors_info=&#8220;{}&#8220;]<\/p>\n<h3><span style=\"color: #ff6600;\">Impressum:<\/span><\/h3>\n<p>[\/et_pb_text][et_pb_text content_tablet=&#8220;<\/p>\n<p style=%22text-align: justify;%22><em>Offenlegung und Informationspflicht gem\u00e4\u00df \u00a725 Mediengesetz, \u00a75 E-Commerce-Gesetz und \u00a714 UGB<\/em><\/p>\n<p style=%22text-align: justify;%22><span style=%22color: #ff6600;%22>Medieninhaber und Herausgeber:<\/span><br \/><em><\/em><\/p>\n<p style=%22text-align: justify;%22>FreuMi Steuerberatungsgesellschaft m.b.H. &amp; Co KG<br \/>Ernst-Pliwa-Gasse 4<br \/>A-9500 Villach<\/p>\n<p style=%22text-align: justify;%22>Gesch\u00e4ftsf\u00fchrer: Mag. Patrick Freundl<br \/>Tel: +43 (0) 676 85 23 71 100<br \/>E-Mail: office%91at%93freumi.at<\/p>\n<p style=%22text-align: justify;%22><span>Mitglied der Kammer der Steuerberater und Wirtschaftspr\u00fcfer<br \/>WT-Code: 807787<br \/>Unternehmensgegenstand: Steuerberatung<br \/><\/span><\/p>\n<p style=%22text-align: justify;%22><span>UID-Nummer: ATU77426938<\/span><br \/><span>Firmenbuch-Nummer: 567053b<\/span><br \/><span>Gerichtsstand: Villach<\/span><br \/><span>Firmensitz: Villach<\/span><\/p>\n<p style=%22text-align: justify;%22><span>Fotografie \u00a9Barbara Essl | <a href=%22https:\/\/essl-photography.com%22 data-et-target-link=%22_blank%22 rel=%22noopener noreferrer%22>Essl-Photography.com<\/a><\/span><\/p>\n<p style=%22text-align: justify;%22><span>Grafik- und Webdesign \u00a9Sebastian Schager | <a href=%22https:\/\/artis.love%22 data-et-target-link=%22_blank%22 rel=%22noopener noreferrer%22>Artis.Love<\/a><\/span><\/p>\n<p style=%22text-align: justify;%22><span>Doodles by <a href=%22http:\/\/www.freepik.com%22 data-et-target-link=%22_blank%22 rel=%22noopener noreferrer%22>gohsantosa2<\/a><\/span><\/p>\n<p style=%22text-align: justify;%22><span><\/span><\/p>\n<p style=%22text-align: justify;%22><span>Der Inhalt dieser Website ist urheberrechtlich gesch\u00fctzt. Die Bereitstellung von Inhalten und Bildmaterial dieser Website auf anderen Websites ist nur mit ausdr\u00fccklicher Genehmigung der Gesch\u00e4ftsleitung gestattet. Die auf dieser Website enthaltenen Angaben werden nach bestem Wissen erstellt und mit gro\u00dfer Sorgfalt auf ihre Richtigkeit \u00fcberpr\u00fcft. Trotzdem sind inhaltliche und sachliche Fehler nicht vollst\u00e4ndig auszuschlie\u00dfen. Die Gesch\u00e4ftsleitung \u00fcbernimmt keinerlei Garantie und Haftung f\u00fcr die Richtigkeit, Aktualit\u00e4t und Vollst\u00e4ndigkeit der bereitgestellten Informationen. Alle Angaben sind ohne Gew\u00e4hr. Dies gilt auch f\u00fcr alle Links zu anderen URLs, die auf unserer Website genannt werden.<\/span><\/p>\n<p style=%22text-align: justify;%22><span>Wirtschaftstreuhandberufsgesetz 2017 \u2013 WTBG 2017 | <a href=%22https:\/\/www.ris.bka.gv.at%22 data-et-target-link=%22_blank%22 rel=%22noopener noreferrer%22>www.ris.bka.gv.at<\/a><\/span><\/p>\n<p style=%22text-align: justify;%22>\n<p>&#8220; content_phone=&#8220;<\/p>\n<p style=%22text-align: justify;%22><em>Offenlegung und Informationspflicht gem\u00e4\u00df \u00a725 Mediengesetz, \u00a75 E-Commerce-Gesetz und \u00a714 UGB<\/em><\/p>\n<p style=%22text-align: justify;%22><span style=%22color: #ff6600;%22>Medieninhaber und Herausgeber:<\/span><br \/><em><\/em><\/p>\n<p style=%22text-align: justify;%22>FreuMi Steuerberatungsgesellschaft m.b.H. &#038; Co KG<br \/>Ernst-Pliwa-Gasse 4<br \/>A-9500 Villach<\/p>\n<p style=%22text-align: justify;%22>Gesch\u00e4ftsf\u00fchrer: Mag. Patrick Freundl<br \/>Tel: +43 (0) 676 85 23 71 100<br \/>E-Mail: office%91at%93freumi.at<\/p>\n<p style=%22text-align: justify;%22><span>Mitglied der Kammer der Steuerberater und Wirtschaftspr\u00fcfer<br \/>WT-Code: 807787<br \/>Unternehmensgegenstand: Steuerberatung<br \/><\/span><\/p>\n<p style=%22text-align: justify;%22><span>UID-Nummer: ATU77426938<\/span><br \/><span>Firmenbuch-Nummer: 567053b<\/span><br \/><span>Gerichtsstand: Villach<\/span><br \/><span>Firmensitz: Villach<\/span><\/p>\n<p style=%22text-align: justify;%22><span>Fotografie \u00a9Barbara Essl | <a href=%22https:\/\/essl-photography.com%22 data-et-target-link=%22_blank%22 rel=%22noopener noreferrer%22>Essl-Photography.com<\/a><\/span><\/p>\n<p style=%22text-align: justify;%22><span>Grafik- und Webdesign \u00a9Sebastian Schager | <a href=%22https:\/\/artis.love%22 data-et-target-link=%22_blank%22 rel=%22noopener noreferrer%22>Artis.Love<\/a><\/span><\/p>\n<p style=%22text-align: justify;%22><span>Doodles by <a href=%22http:\/\/www.freepik.com%22 data-et-target-link=%22_blank%22 rel=%22noopener noreferrer%22>gohsantosa2<\/a><\/span><\/p>\n<p style=%22text-align: justify;%22><span><\/span><\/p>\n<p style=%22text-align: justify;%22><span>Der Inhalt dieser Website ist urheberrechtlich gesch\u00fctzt. Die Bereitstellung von Inhalten und Bildmaterial dieser Website auf anderen Websites ist nur mit ausdr\u00fccklicher Genehmigung der Gesch\u00e4ftsleitung gestattet. Die auf dieser Website enthaltenen Angaben werden nach bestem Wissen erstellt und mit gro\u00dfer Sorgfalt auf ihre Richtigkeit \u00fcberpr\u00fcft. Trotzdem sind inhaltliche und sachliche Fehler nicht vollst\u00e4ndig auszuschlie\u00dfen. Die Gesch\u00e4ftsleitung \u00fcbernimmt keinerlei Garantie und Haftung f\u00fcr die Richtigkeit, Aktualit\u00e4t und Vollst\u00e4ndigkeit der bereitgestellten Informationen. Alle Angaben sind ohne Gew\u00e4hr. Dies gilt auch f\u00fcr alle Links zu anderen URLs, die auf unserer Website genannt werden.<\/span><\/p>\n<p style=%22text-align: justify;%22><span>Wirtschaftstreuhandberufsgesetz 2017 \u2013 WTBG 2017 | <a href=%22https:\/\/www.ris.bka.gv.at%22 data-et-target-link=%22_blank%22 rel=%22noopener noreferrer%22>www.ris.bka.gv.at<\/a><\/span><\/p>\n<p>&#8220; content_last_edited=&#8220;on|tablet&#8220; _builder_version=&#8220;4.13.1&#8243; _module_preset=&#8220;default&#8220; min_height=&#8220;734px&#8220; custom_margin=&#8220;-10px||||false|false&#8220; custom_margin_tablet=&#8220;&#8220; custom_margin_phone=&#8220;&#8220; custom_margin_last_edited=&#8220;on|desktop&#8220; global_colors_info=&#8220;{}&#8220;]<\/p>\n<p style=\"text-align: justify;\"><em>Offenlegung und Informationspflicht gem\u00e4\u00df \u00a725 Mediengesetz, \u00a75 E-Commerce-Gesetz und \u00a714 UGB<\/em><\/p>\n<p style=\"text-align: justify;\"><span style=\"color: #ff6600;\">Medieninhaber und Herausgeber:<\/span><br \/><em><\/em><\/p>\n<p style=\"text-align: justify;\">FreuMi Steuerberatungsgesellschaft m.b.H. &amp; Co KG<br \/>Ernst-Pliwa-Gasse 4<br \/>A-9500 Villach<\/p>\n<p style=\"text-align: justify;\">Gesch\u00e4ftsf\u00fchrer: Mag. Patrick Freundl<br \/>Tel: +43 (0) 676 85 23 71 100<br \/>E-Mail: office[at]freumi.at<\/p>\n<p style=\"text-align: justify;\"><span>Mitglied der Kammer der Steuerberater und Wirtschaftspr\u00fcfer<br \/>WT-Code: 807787<br \/>Unternehmensgegenstand: Steuerberatung<br \/><\/span><\/p>\n<p style=\"text-align: justify;\"><span>UID-Nummer: ATU77426938<\/span><br \/><span>Firmenbuch-Nummer: 567053b<\/span><br \/><span>Gerichtsstand: Villach<\/span><br \/><span>Firmensitz: Villach<\/span><\/p>\n<p style=\"text-align: justify;\"><span>Fotografie \u00a9Barbara Essl | <a href=\"https:\/\/essl-photography.com\" target=\"_blank\" rel=\"noopener noreferrer\">Essl-Photography.com<\/a><\/span><\/p>\n<p style=\"text-align: justify;\"><span>Grafik- und Webdesign \u00a9Sebastian Schager | <a href=\"https:\/\/artis.love\" target=\"_blank\" rel=\"noopener noreferrer\">Artis.Love<\/a><\/span><\/p>\n<p style=\"text-align: justify;\"><span>Doodles by <a href=\"http:\/\/www.freepik.com\" target=\"_blank\" rel=\"noopener noreferrer\">gohsantosa2<\/a><\/span><\/p>\n<p style=\"text-align: justify;\"><span><\/span><\/p>\n<p style=\"text-align: justify;\"><span>Der Inhalt dieser Website ist urheberrechtlich gesch\u00fctzt. Die Bereitstellung von Inhalten und Bildmaterial dieser Website auf anderen Websites ist nur mit ausdr\u00fccklicher Genehmigung der Gesch\u00e4ftsleitung gestattet. Die auf dieser Website enthaltenen Angaben werden nach bestem Wissen erstellt und mit gro\u00dfer Sorgfalt auf ihre Richtigkeit \u00fcberpr\u00fcft. Trotzdem sind inhaltliche und sachliche Fehler nicht vollst\u00e4ndig auszuschlie\u00dfen. Die Gesch\u00e4ftsleitung \u00fcbernimmt keinerlei Garantie und Haftung f\u00fcr die Richtigkeit, Aktualit\u00e4t und Vollst\u00e4ndigkeit der bereitgestellten Informationen. Alle Angaben sind ohne Gew\u00e4hr. Dies gilt auch f\u00fcr alle Links zu anderen URLs, die auf unserer Website genannt werden.<\/span><\/p>\n<p style=\"text-align: justify;\"><span>Wirtschaftstreuhandberufsgesetz 2017 \u2013 WTBG 2017 | <a href=\"https:\/\/www.ris.bka.gv.at\" target=\"_blank\" rel=\"noopener noreferrer\">www.ris.bka.gv.at<\/a><\/span><\/p>\n<p>[\/et_pb_text][\/et_pb_column][\/et_pb_row][\/et_pb_section]<\/p>\n","protected":false},"excerpt":{"rendered":"<p>Impressum:Offenlegung und Informationspflicht gem\u00e4\u00df \u00a725 Mediengesetz, \u00a75 E-Commerce-Gesetz und \u00a714 UGB Medieninhaber und Herausgeber: FreuMi Steuerberatungsgesellschaft m.b.H. &amp; Co KGErnst-Pliwa-Gasse 4A-9500 Villach Gesch\u00e4ftsf\u00fchrer: Mag. Patrick FreundlTel: +43 (0) 676 85 23 71 100E-Mail: office[at]freumi.at Mitglied der Kammer der Steuerberater und Wirtschaftspr\u00fcferWT-Code: 807787Unternehmensgegenstand: Steuerberatung UID-Nummer: ATU77426938Firmenbuch-Nummer: 567053bGerichtsstand: VillachFirmensitz: Villach Fotografie \u00a9Barbara Essl | Essl-Photography.com Grafik- und [&hellip;]<\/p>\n","protected":false},"author":2,"featured_media":0,"parent":611,"menu_order":0,"comment_status":"closed","ping_status":"closed","template":"","meta":{"_et_pb_use_builder":"on","_et_pb_old_content":"","_et_gb_content_width":"","footnotes":""},"class_list":["post-289","page","type-page","status-publish","hentry"],"aioseo_notices":[],"_links":{"self":[{"href":"https:\/\/freumi.at\/index.php?rest_route=\/wp\/v2\/pages\/289","targetHints":{"allow":["GET"]}}],"collection":[{"href":"https:\/\/freumi.at\/index.php?rest_route=\/wp\/v2\/pages"}],"about":[{"href":"https:\/\/freumi.at\/index.php?rest_route=\/wp\/v2\/types\/page"}],"author":[{"embeddable":true,"href":"https:\/\/freumi.at\/index.php?rest_route=\/wp\/v2\/users\/2"}],"replies":[{"embeddable":true,"href":"https:\/\/freumi.at\/index.php?rest_route=%2Fwp%2Fv2%2Fcomments&post=289"}],"version-history":[{"count":11,"href":"https:\/\/freumi.at\/index.php?rest_route=\/wp\/v2\/pages\/289\/revisions"}],"predecessor-version":[{"id":644,"href":"https:\/\/freumi.at\/index.php?rest_route=\/wp\/v2\/pages\/289\/revisions\/644"}],"up":[{"embeddable":true,"href":"https:\/\/freumi.at\/index.php?rest_route=\/wp\/v2\/pages\/611"}],"wp:attachment":[{"href":"https:\/\/freumi.at\/index.php?rest_route=%2Fwp%2Fv2%2Fmedia&parent=289"}],"curies":[{"name":"wp","href":"https:\/\/api.w.org\/{rel}","templated":true}]}}